{"id":724,"date":"2019-01-16T06:44:43","date_gmt":"2019-01-16T06:44:43","guid":{"rendered":"http:\/\/pferdesport-euskirchen.de\/?page_id=724"},"modified":"2025-04-21T16:16:42","modified_gmt":"2025-04-21T16:16:42","slug":"aktuelles-2","status":"publish","type":"page","link":"http:\/\/pferdesport-euskirchen.de\/","title":{"rendered":"Aktuelles"},"content":{"rendered":"\n<p class=\"has-text-align-center\" style=\"font-size:25px\">Herzlich willkommen beim Kreisverband f\u00fcr Pferdesport Euskirchen<\/p>\n\n\n\n<p class=\"has-text-align-center\" style=\"font-size:17px\">Pferdesport ist mehr als ein Hobby &#8211; es ist Leidenschaft, Teamgeist und das besondere Miteinander zwischen Mensch und Pferd.<\/p>\n\n\n\n<p class=\"has-text-align-center\" style=\"font-size:17px\">Wir, der Kreisverband f\u00fcr Pferdesport Euskirchen, stehen f\u00fcr die F\u00f6rderung des Pferdesports in all seinen Facetten &#8211; vom Dressur- und Springsport, \u00fcber Vielseitigkeit, Islandpferdereiten, Working Equitation, Allround bis hin zum Fahren. Ob im Turnier- oder Breitensport, ob jung oder alt. Eines verbindet uns alle. Die Faszination &#8222;Pferd&#8220;.<\/p>\n\n\n\n<p class=\"has-text-align-center\" style=\"font-size:17px\">Als Kreisverband verstehen wir uns als Ansprechpartner und F\u00f6rderer f\u00fcr alle Aktiven und Interessierten im Pferdesport &#8211; egal ob Verein, Pferdebetrieb oder &#8222;nur&#8220; Reiter:in.<\/p>\n\n\n\n<p class=\"has-text-align-center\" style=\"font-size:17px\">Wir laden euch herzlich ein, Teil unserer Gemeinschaft im Kreis Euskirchen zu sein &#8211; gepr\u00e4gt von Respekt, Fairness und der gemeinsamen Leidenschaft f\u00fcr das Pferd.<\/p>\n\n\n\n<p class=\"has-text-align-center\"><br>Einen \u00dcberblick \u00fcber aktuelle Veranstaltungen der Vereine, Pferdebetriebe und dem KV findet ihr <a href=\"http:\/\/pferdesport-euskirchen.de\/?page_id=1637\"><strong><mark style=\"background-color:rgba(0, 0, 0, 0)\" class=\"has-inline-color has-vivid-cyan-blue-color\">hier<\/mark><\/strong><\/a>.<\/p>\n\n\n\n<h4 class=\"wp-block-heading\">Neue Beitr\u00e4ge<\/h4>\n\n\n<ul class=\"wp-block-latest-posts__list is-grid columns-2 has-dates wp-block-latest-posts\"><li><a class=\"wp-block-latest-posts__post-title\" href=\"http:\/\/pferdesport-euskirchen.de\/?p=2133\">Working Equitation Schnuppertag<\/a><time datetime=\"2026-04-03T17:50:09+00:00\" class=\"wp-block-latest-posts__post-date\">April 3, 2026<\/time><\/li>\n<li><a class=\"wp-block-latest-posts__post-title\" href=\"http:\/\/pferdesport-euskirchen.de\/?p=2095\">Dressurlehrgang mit Andrea Landy-Silling<\/a><time datetime=\"2025-12-26T09:22:21+00:00\" class=\"wp-block-latest-posts__post-date\">Dezember 26, 2025<\/time><\/li>\n<li><a class=\"wp-block-latest-posts__post-title\" href=\"http:\/\/pferdesport-euskirchen.de\/?p=2077\">Kreismeisterschaft Dressur und Springen 2025<\/a><time datetime=\"2025-04-21T16:27:17+00:00\" class=\"wp-block-latest-posts__post-date\">April 21, 2025<\/time><\/li>\n<li><a class=\"wp-block-latest-posts__post-title\" href=\"http:\/\/pferdesport-euskirchen.de\/?p=2038\">KV-Springlehrgang mit Roel Holthuizen<\/a><time datetime=\"2025-04-18T08:17:32+00:00\" class=\"wp-block-latest-posts__post-date\">April 18, 2025<\/time><\/li>\n<li><a class=\"wp-block-latest-posts__post-title\" href=\"http:\/\/pferdesport-euskirchen.de\/?p=2030\">Termin\u00fcbersicht 2025<\/a><time datetime=\"2025-03-26T12:51:43+00:00\" class=\"wp-block-latest-posts__post-date\">M\u00e4rz 26, 2025<\/time><\/li>\n<li><a class=\"wp-block-latest-posts__post-title\" href=\"http:\/\/pferdesport-euskirchen.de\/?p=1995\">Kreismeister Dressur &amp; Springen 2024<\/a><time datetime=\"2024-09-16T21:27:37+00:00\" class=\"wp-block-latest-posts__post-date\">September 16, 2024<\/time><\/li>\n<li><a class=\"wp-block-latest-posts__post-title\" href=\"http:\/\/pferdesport-euskirchen.de\/?p=1928\">RuF Metternich e. V. &#8211; WBO-Turnierausschreibung<\/a><time datetime=\"2024-03-12T20:55:22+00:00\" class=\"wp-block-latest-posts__post-date\">M\u00e4rz 12, 2024<\/time><\/li>\n<li><a class=\"wp-block-latest-posts__post-title\" href=\"http:\/\/pferdesport-euskirchen.de\/?p=1887\">Kreismeister 2023 im Fahren<\/a><time datetime=\"2023-07-24T16:37:31+00:00\" class=\"wp-block-latest-posts__post-date\">Juli 24, 2023<\/time><\/li>\n<\/ul>\n\n\n<hr class=\"wp-block-separator has-css-opacity\"\/>\n\n\n\n<p><\/p>\n\n\n\n<p><\/p>\n\n\n\n<hr class=\"wp-block-separator has-css-opacity\"\/>\n","protected":false},"excerpt":{"rendered":"<p>Herzlich willkommen beim Kreisverband f\u00fcr Pferdesport Euskirchen Pferdesport ist mehr als ein Hobby &#8211; es ist Leidenschaft, Teamgeist und das besondere Miteinander zwischen Mensch und Pferd. Wir, der Kreisverband f\u00fcr Pferdesport Euskirchen, stehen f\u00fcr die F\u00f6rderung des Pferdesports in all seinen Facetten &#8211; vom Dressur- und Springsport, \u00fcber Vielseitigkeit, Islandpferdereiten, Working Equitation, Allround bis hin [&hellip;]<\/p>\n","protected":false},"author":2,"featured_media":1991,"parent":0,"menu_order":1,"comment_status":"closed","ping_status":"closed","template":"","meta":{"footnotes":""},"class_list":["post-724","page","type-page","status-publish","has-post-thumbnail","hentry"],"_links":{"self":[{"href":"http:\/\/pferdesport-euskirchen.de\/index.php?rest_route=\/wp\/v2\/pages\/724"}],"collection":[{"href":"http:\/\/pferdesport-euskirchen.de\/index.php?rest_route=\/wp\/v2\/pages"}],"about":[{"href":"http:\/\/pferdesport-euskirchen.de\/index.php?rest_route=\/wp\/v2\/types\/page"}],"author":[{"embeddable":true,"href":"http:\/\/pferdesport-euskirchen.de\/index.php?rest_route=\/wp\/v2\/users\/2"}],"replies":[{"embeddable":true,"href":"http:\/\/pferdesport-euskirchen.de\/index.php?rest_route=%2Fwp%2Fv2%2Fcomments&post=724"}],"version-history":[{"count":47,"href":"http:\/\/pferdesport-euskirchen.de\/index.php?rest_route=\/wp\/v2\/pages\/724\/revisions"}],"predecessor-version":[{"id":2083,"href":"http:\/\/pferdesport-euskirchen.de\/index.php?rest_route=\/wp\/v2\/pages\/724\/revisions\/2083"}],"wp:featuredmedia":[{"embeddable":true,"href":"http:\/\/pferdesport-euskirchen.de\/index.php?rest_route=\/wp\/v2\/media\/1991"}],"wp:attachment":[{"href":"http:\/\/pferdesport-euskirchen.de\/index.php?rest_route=%2Fwp%2Fv2%2Fmedia&parent=724"}],"curies":[{"name":"wp","href":"https:\/\/api.w.org\/{rel}","templated":true}]}}